{"id":14,"date":"2019-02-19T17:02:53","date_gmt":"2019-02-19T17:02:53","guid":{"rendered":"http:\/\/lack-auxel.de\/?page_id=14"},"modified":"2019-12-04T15:30:55","modified_gmt":"2019-12-04T15:30:55","slug":"unternehmen","status":"publish","type":"page","link":"https:\/\/auto-technik24.de\/?page_id=14","title":{"rendered":"Unternehmen"},"content":{"rendered":"\n<h1><strong>Kfz.-Erfahrung seit \u00fcber 40 Jahren<\/strong><\/h1>\n\n\n\n<p>Das Unternehmen nahm am 01.09.2010 seine T\u00e4tigkeit als Freie Werkstatt unter den Namen auto-agent24.de Technik GmbH auf.<br> Nach einem Gesellschafterwechsel erfolgte ab 01.11.2019 ein Namenswechsel.<\/p>\n\n\n\n<p>Die auto-technik24 GmbH wird weiterhin von Gesch\u00e4ftsf\u00fchrer Peter J\u00e4pelt\ngeleitet.<\/p>\n\n\n\n<p><br>\nGemeinsam mit seinem Sohn werden mit handwerklichem K\u00f6nnen und viel Herzblut\nerfolgreich Pkw repariert. <\/p>\n\n\n\n<p>In der kleinen, gut ausgestatteten Werkstatt werden s\u00e4mtliche Reparaturen\nund &nbsp;Wartungen an fast allen Pkw\ndurchgef\u00fchrt.<\/p>\n\n\n\n<p><br>\nWir achten auf den Ausbau des handwerklichen K\u00f6nnens und die Zufriedenheit\nunserer Kunden.<br>\nDurch ausf\u00fchrliche Beratung, termingerechte Ausf\u00fchrung bei hoher Qualit\u00e4t<br>\nzum vereinbarten Preis, setzen wir alles daran, den W\u00fcnschen unserer Kunden zu\nentsprechen.<\/p>\n","protected":false},"excerpt":{"rendered":"<p>Kfz.-Erfahrung seit \u00fcber 40 Jahren Das Unternehmen nahm am 01.09.2010 seine T\u00e4tigkeit als Freie Werkstatt unter den Namen auto-agent24.de Technik GmbH auf. Nach einem Gesellschafterwechsel erfolgte ab 01.11.2019 ein Namenswechsel. Die auto-technik24 GmbH wird weiterhin von Gesch\u00e4ftsf\u00fchrer Peter J\u00e4pelt geleitet. Gemeinsam mit seinem Sohn werden mit handwerklichem K\u00f6nnen und viel<\/p>\n","protected":false},"author":1,"featured_media":0,"parent":0,"menu_order":0,"comment_status":"closed","ping_status":"closed","template":"","meta":[],"_links":{"self":[{"href":"https:\/\/auto-technik24.de\/index.php?rest_route=\/wp\/v2\/pages\/14"}],"collection":[{"href":"https:\/\/auto-technik24.de\/index.php?rest_route=\/wp\/v2\/pages"}],"about":[{"href":"https:\/\/auto-technik24.de\/index.php?rest_route=\/wp\/v2\/types\/page"}],"author":[{"embeddable":true,"href":"https:\/\/auto-technik24.de\/index.php?rest_route=\/wp\/v2\/users\/1"}],"replies":[{"embeddable":true,"href":"https:\/\/auto-technik24.de\/index.php?rest_route=%2Fwp%2Fv2%2Fcomments&post=14"}],"version-history":[{"count":2,"href":"https:\/\/auto-technik24.de\/index.php?rest_route=\/wp\/v2\/pages\/14\/revisions"}],"predecessor-version":[{"id":180,"href":"https:\/\/auto-technik24.de\/index.php?rest_route=\/wp\/v2\/pages\/14\/revisions\/180"}],"wp:attachment":[{"href":"https:\/\/auto-technik24.de\/index.php?rest_route=%2Fwp%2Fv2%2Fmedia&parent=14"}],"curies":[{"name":"wp","href":"https:\/\/api.w.org\/{rel}","templated":true}]}}