{"id":59,"date":"2019-03-08T09:48:33","date_gmt":"2019-03-08T09:48:33","guid":{"rendered":"http:\/\/lack-auxel.de\/?page_id=59"},"modified":"2019-12-03T15:49:23","modified_gmt":"2019-12-03T15:49:23","slug":"impressum","status":"publish","type":"page","link":"https:\/\/auto-technik24.de\/?page_id=59","title":{"rendered":"Impressum"},"content":{"rendered":"\n<p><strong>Unternehmen und Anschrift<\/strong><\/p>\n\n\n\n<p>auto-technik24 GmbH\u00a0 |\u00a0 Schl\u00fcterstr. 29, 01277 Dresden<\/p>\n\n\n\n<p><strong>Name des Vertretungsberechtigten\/Verantwortlichen<\/strong><\/p>\n\n\n\n<p>Gesch\u00e4ftsf\u00fchrer: Peter J\u00e4pelt (inhaltlich Verantwortlicher)<\/p>\n\n\n\n<p><strong>Eintragung<\/strong><\/p>\n\n\n\n<p>Handelsregister: Registergericht Dresden \u2013 HRB 29273\u00a0 |\u00a0 Ust-ID: DE273325733<\/p>\n\n\n\n<p><strong>Kommunikation<\/strong><\/p>\n\n\n\n<p>Tel.: 0351 31902710 | Fax: 0351 31902709&nbsp;| URL: www.auto-technik24.de<\/p>\n\n\n\n<p>E-Mail:&nbsp;&nbsp; info@auto-technik24.de<\/p>\n\n\n\n<p><\/p>\n\n\n\n<p><strong>Der Verk\u00e4ufer\/ Auftragnehmer<\/strong><\/p>\n\n\n\n<p>wird nicht an einem Streitbeilegungsverfahren vor der Verbraucherschlichtungsstelle im Sinne des VSBG teilnehmen und ist hierzu auch nicht verpflichtet. Als Innungsbetrieb nehmen wir am Verfahren vor den branchenspezifischen Schiedsstellen im Sinne des VSBG Teil. Die f\u00fcr uns zust\u00e4ndige Schiedsstelle erreichen Sie unter: Innung des Kfz.- Handwerks Region Dresden, Tiergartenstr. 94, 01219 Dresden<\/p>\n\n\n\n<p><strong>Garantieverzeichnis:<\/strong><\/p>\n\n\n\n<p>Unsere Website wurde mit gro\u00dfer Sorgfalt zusammengestellt. Trotzdem k\u00f6nnen wir f\u00fcr die Fehlerfreiheit und Genauigkeit der enthaltenen Informationen nicht garantieren.<\/p>\n\n\n\n<p><strong>Haftungshinweis:<\/strong><\/p>\n\n\n\n<p>Wir \u00fcbernehmen keine Haftung f\u00fcr die Inhalte externer Links, daf\u00fcr sind\nausschlie\u00dflich deren Betreiber verantwortlich.<\/p>\n\n\n\n<p>Gesch\u00fctzte Marken und Namen, Bilder und Texte werden auf unseren Seiten in\nder Regel nicht als solche kenntlich gemacht. Das Fehlen einer solchen\nKennzeichnung bedeutet jedoch nicht, dass es sich um einen freien Namen, ein\nfreies Bild oder einen freien Text im Sinne des Markenzeichenrechts handelt.<\/p>\n\n\n\n<p>Eine Haftung oder Garantie f\u00fcr die Aktualit\u00e4t, Richtigkeit und\nVollst\u00e4ndigkeit der Informationen k\u00f6nnen wir nicht \u00dcbernehmen.<\/p>\n\n\n\n<p><\/p>\n\n\n\n<p><\/p>\n","protected":false},"excerpt":{"rendered":"<p>Unternehmen und Anschrift auto-technik24 GmbH\u00a0 |\u00a0 Schl\u00fcterstr. 29, 01277 Dresden Name des Vertretungsberechtigten\/Verantwortlichen Gesch\u00e4ftsf\u00fchrer: Peter J\u00e4pelt (inhaltlich Verantwortlicher) Eintragung Handelsregister: Registergericht Dresden \u2013 HRB 29273\u00a0 |\u00a0 Ust-ID: DE273325733 Kommunikation Tel.: 0351 31902710 | Fax: 0351 31902709&nbsp;| URL: www.auto-technik24.de E-Mail:&nbsp;&nbsp; info@auto-technik24.de Der Verk\u00e4ufer\/ Auftragnehmer wird nicht an einem Streitbeilegungsverfahren vor der<\/p>\n","protected":false},"author":1,"featured_media":0,"parent":0,"menu_order":0,"comment_status":"closed","ping_status":"closed","template":"","meta":[],"_links":{"self":[{"href":"https:\/\/auto-technik24.de\/index.php?rest_route=\/wp\/v2\/pages\/59"}],"collection":[{"href":"https:\/\/auto-technik24.de\/index.php?rest_route=\/wp\/v2\/pages"}],"about":[{"href":"https:\/\/auto-technik24.de\/index.php?rest_route=\/wp\/v2\/types\/page"}],"author":[{"embeddable":true,"href":"https:\/\/auto-technik24.de\/index.php?rest_route=\/wp\/v2\/users\/1"}],"replies":[{"embeddable":true,"href":"https:\/\/auto-technik24.de\/index.php?rest_route=%2Fwp%2Fv2%2Fcomments&post=59"}],"version-history":[{"count":2,"href":"https:\/\/auto-technik24.de\/index.php?rest_route=\/wp\/v2\/pages\/59\/revisions"}],"predecessor-version":[{"id":154,"href":"https:\/\/auto-technik24.de\/index.php?rest_route=\/wp\/v2\/pages\/59\/revisions\/154"}],"wp:attachment":[{"href":"https:\/\/auto-technik24.de\/index.php?rest_route=%2Fwp%2Fv2%2Fmedia&parent=59"}],"curies":[{"name":"wp","href":"https:\/\/api.w.org\/{rel}","templated":true}]}}